{"id":10239,"date":"2025-01-21T20:36:08","date_gmt":"2025-01-21T20:36:08","guid":{"rendered":"https:\/\/testv69.demowebsitelinks.com\/AZ-Referral-Network\/?page_id=10239"},"modified":"2025-02-18T22:13:28","modified_gmt":"2025-02-18T22:13:28","slug":"partner-members-back-office","status":"publish","type":"page","link":"https:\/\/testv69.demowebsitelinks.com\/AZ-Referral-Network\/partner-members-back-office\/","title":{"rendered":"Partner Members Back Office"},"content":{"rendered":"\t\t<div data-elementor-type=\"wp-page\" data-elementor-id=\"10239\" class=\"elementor elementor-10239\" data-elementor-post-type=\"page\">\n\t\t\t\t\t\t<section class=\"wd-negative-gap elementor-section elementor-top-section elementor-element elementor-element-1f33646b wd-section-stretch-content elementor-section-boxed elementor-section-height-default elementor-section-height-default\" data-id=\"1f33646b\" data-element_type=\"section\" data-settings=\"{&quot;background_background&quot;:&quot;classic&quot;}\">\n\t\t\t\t\t\t<div class=\"elementor-container elementor-column-gap-no\">\n\t\t\t\t\t<div class=\"elementor-column elementor-col-100 elementor-top-column elementor-element elementor-element-7d18256\" data-id=\"7d18256\" data-element_type=\"column\">\n\t\t\t<div class=\"elementor-widget-wrap elementor-element-populated\">\n\t\t\t\t\t\t\t<\/div>\n\t\t<\/div>\n\t\t\t\t\t<\/div>\n\t\t<\/section>\n\t\t\t\t<section class=\"elementor-section elementor-top-section elementor-element elementor-element-194305c elementor-section-content-middle elementor-reverse-mobile wd-section-stretch elementor-hidden-desktop elementor-hidden-tablet elementor-hidden-mobile elementor-section-boxed elementor-section-height-default elementor-section-height-default\" data-id=\"194305c\" data-element_type=\"section\" id=\"#about\" data-settings=\"{&quot;shape_divider_top&quot;:&quot;wd_sweet_wave&quot;,&quot;background_background&quot;:&quot;classic&quot;}\">\n\t\t\t\t\t<div class=\"elementor-shape elementor-shape-top\" data-negative=\"false\">\n\t\t\t<svg width=\"100%\" height=\"50px\" viewBox=\"0 0 1920 80\" xmlns=\"http:\/\/www.w3.org\/2000\/svg\" class=\"wd-divider\" preserveAspectRatio=\"none\">\n<path class=\"elementor-shape-fill\" d=\"M1920,60s-169.5,20-510,20S850.5,20,510,20,0,60,0,60V0H1920Z\" \/>\n<\/svg>\n\t\t<\/div>\n\t\t\t\t\t<div class=\"elementor-container elementor-column-gap-default\">\n\t\t\t\t\t<div class=\"elementor-column elementor-col-50 elementor-top-column elementor-element elementor-element-ac22f5e\" data-id=\"ac22f5e\" data-element_type=\"column\">\n\t\t\t<div class=\"elementor-widget-wrap elementor-element-populated\">\n\t\t\t\t\t\t<div class=\"elementor-element elementor-element-bac7407 elementor-widget elementor-widget-heading\" data-id=\"bac7407\" data-element_type=\"widget\" data-widget_type=\"heading.default\">\n\t\t\t\t<div class=\"elementor-widget-container\">\n\t\t\t\t\t<h2 class=\"elementor-heading-title elementor-size-default\"> AZ Referral Network<\/h2>\t\t\t\t<\/div>\n\t\t\t\t<\/div>\n\t\t\t\t<div class=\"elementor-element elementor-element-800b032 elementor-widget elementor-widget-heading\" data-id=\"800b032\" data-element_type=\"widget\" data-widget_type=\"heading.default\">\n\t\t\t\t<div class=\"elementor-widget-container\">\n\t\t\t\t\t<h2 class=\"elementor-heading-title elementor-size-default\">Realtor Members<\/h2>\t\t\t\t<\/div>\n\t\t\t\t<\/div>\n\t\t\t\t\t<\/div>\n\t\t<\/div>\n\t\t\t\t<div class=\"elementor-column elementor-col-50 elementor-top-column elementor-element elementor-element-8477511\" data-id=\"8477511\" data-element_type=\"column\">\n\t\t\t<div class=\"elementor-widget-wrap elementor-element-populated\">\n\t\t\t\t\t\t<div class=\"elementor-element elementor-element-dab0588 elementor-widget elementor-widget-image\" data-id=\"dab0588\" data-element_type=\"widget\" data-widget_type=\"image.default\">\n\t\t\t\t<div class=\"elementor-widget-container\">\n\t\t\t\t\t\t\t\t\t\t\t\t\t\t\t<img fetchpriority=\"high\" decoding=\"async\" width=\"600\" height=\"600\" src=\"https:\/\/testv69.demowebsitelinks.com\/AZ-Referral-Network\/wp-content\/uploads\/2025\/01\/cascascasc-1.jpg\" class=\"attachment-full size-full wp-image-10242\" alt=\"\" srcset=\"https:\/\/testv69.demowebsitelinks.com\/AZ-Referral-Network\/wp-content\/uploads\/2025\/01\/cascascasc-1.jpg 600w, https:\/\/testv69.demowebsitelinks.com\/AZ-Referral-Network\/wp-content\/uploads\/2025\/01\/cascascasc-1-300x300.jpg 300w, https:\/\/testv69.demowebsitelinks.com\/AZ-Referral-Network\/wp-content\/uploads\/2025\/01\/cascascasc-1-150x150.jpg 150w, https:\/\/testv69.demowebsitelinks.com\/AZ-Referral-Network\/wp-content\/uploads\/2025\/01\/cascascasc-1-430x430.jpg 430w\" sizes=\"(max-width: 600px) 100vw, 600px\" \/>\t\t\t\t\t\t\t\t\t\t\t\t\t\t\t<\/div>\n\t\t\t\t<\/div>\n\t\t\t\t\t<\/div>\n\t\t<\/div>\n\t\t\t\t\t<\/div>\n\t\t<\/section>\n\t\t\t\t<section class=\"elementor-section elementor-top-section elementor-element elementor-element-c67185f elementor-section-content-middle elementor-reverse-mobile wd-section-stretch elementor-hidden-desktop elementor-hidden-tablet elementor-hidden-mobile elementor-section-boxed elementor-section-height-default elementor-section-height-default\" data-id=\"c67185f\" data-element_type=\"section\" data-settings=\"{&quot;shape_divider_top&quot;:&quot;wd_sweet_wave&quot;,&quot;background_background&quot;:&quot;classic&quot;}\">\n\t\t\t\t\t<div class=\"elementor-shape elementor-shape-top\" data-negative=\"false\">\n\t\t\t<svg width=\"100%\" height=\"50px\" viewBox=\"0 0 1920 80\" xmlns=\"http:\/\/www.w3.org\/2000\/svg\" class=\"wd-divider\" preserveAspectRatio=\"none\">\n<path class=\"elementor-shape-fill\" d=\"M1920,60s-169.5,20-510,20S850.5,20,510,20,0,60,0,60V0H1920Z\" \/>\n<\/svg>\n\t\t<\/div>\n\t\t\t\t\t<div class=\"elementor-container elementor-column-gap-default\">\n\t\t\t\t\t<div class=\"elementor-column elementor-col-50 elementor-top-column elementor-element elementor-element-ca7d452\" data-id=\"ca7d452\" data-element_type=\"column\">\n\t\t\t<div class=\"elementor-widget-wrap elementor-element-populated\">\n\t\t\t\t\t\t<div class=\"elementor-element elementor-element-7c83aa4 elementor-widget elementor-widget-image\" data-id=\"7c83aa4\" data-element_type=\"widget\" data-widget_type=\"image.default\">\n\t\t\t\t<div class=\"elementor-widget-container\">\n\t\t\t\t\t\t\t\t\t\t\t\t\t\t\t<img decoding=\"async\" width=\"600\" height=\"600\" src=\"https:\/\/testv69.demowebsitelinks.com\/AZ-Referral-Network\/wp-content\/uploads\/2025\/01\/ascascascsac.jpg\" class=\"attachment-full size-full wp-image-10243\" alt=\"\" srcset=\"https:\/\/testv69.demowebsitelinks.com\/AZ-Referral-Network\/wp-content\/uploads\/2025\/01\/ascascascsac.jpg 600w, https:\/\/testv69.demowebsitelinks.com\/AZ-Referral-Network\/wp-content\/uploads\/2025\/01\/ascascascsac-300x300.jpg 300w, https:\/\/testv69.demowebsitelinks.com\/AZ-Referral-Network\/wp-content\/uploads\/2025\/01\/ascascascsac-150x150.jpg 150w, https:\/\/testv69.demowebsitelinks.com\/AZ-Referral-Network\/wp-content\/uploads\/2025\/01\/ascascascsac-430x430.jpg 430w\" sizes=\"(max-width: 600px) 100vw, 600px\" \/>\t\t\t\t\t\t\t\t\t\t\t\t\t\t\t<\/div>\n\t\t\t\t<\/div>\n\t\t\t\t\t<\/div>\n\t\t<\/div>\n\t\t\t\t<div class=\"elementor-column elementor-col-50 elementor-top-column elementor-element elementor-element-9ce8c7c\" data-id=\"9ce8c7c\" data-element_type=\"column\">\n\t\t\t<div class=\"elementor-widget-wrap elementor-element-populated\">\n\t\t\t\t\t\t<div class=\"elementor-element elementor-element-cbc8359 elementor-widget elementor-widget-heading\" data-id=\"cbc8359\" data-element_type=\"widget\" data-widget_type=\"heading.default\">\n\t\t\t\t<div class=\"elementor-widget-container\">\n\t\t\t\t\t<h2 class=\"elementor-heading-title elementor-size-default\"> AZ Referral Network<\/h2>\t\t\t\t<\/div>\n\t\t\t\t<\/div>\n\t\t\t\t<div class=\"elementor-element elementor-element-b9a40a2 elementor-widget elementor-widget-heading\" data-id=\"b9a40a2\" data-element_type=\"widget\" data-widget_type=\"heading.default\">\n\t\t\t\t<div class=\"elementor-widget-container\">\n\t\t\t\t\t<h2 class=\"elementor-heading-title elementor-size-default\">Realtor Members<\/h2>\t\t\t\t<\/div>\n\t\t\t\t<\/div>\n\t\t\t\t<div class=\"elementor-element elementor-element-ab434be elementor-widget elementor-widget-wd_text_block\" data-id=\"ab434be\" data-element_type=\"widget\" data-widget_type=\"wd_text_block.default\">\n\t\t\t\t<div class=\"elementor-widget-container\">\n\t\t\t\t\t\t\t\t<link rel=\"stylesheet\" id=\"wd-text-block-css\" href=\"https:\/\/testv69.demowebsitelinks.com\/AZ-Referral-Network\/wp-content\/themes\/woodmart\/css\/parts\/el-text-block.min.css?ver=7.5.2\" type=\"text\/css\" media=\"all\" \/> \t\t\t\t\t<div class=\"wd-text-block reset-last-child text-left\">\n\t\t\t\n\t\t\t<div><p>Lorem Ipsum\u00a0es simplemente el texto de relleno de las imprentas y archivos de texto. Lorem Ipsum ha sido el texto de relleno est\u00e1ndar de las industrias desde el a\u00f1o 1500, cuando un impresor (N. del T. persona que se dedica a la imprenta) desconocido us\u00f3 una galer\u00eda de textos y los mezcl\u00f3 de tal manera que logr\u00f3 hacer un libro de textos especimen. No s\u00f3lo sobrevivi\u00f3 500 a\u00f1os, sino que tambien ingres\u00f3 como texto de relleno en documentos electr\u00f3nicos, quedando esencialmente igual al original. Fue popularizado en los 60s con la creaci\u00f3n de las hojas \"Letraset\", las cuales contenian pasajes de Lorem Ipsum, y m\u00e1s recientemente con software de autoedici\u00f3n, como por ejemplo Aldus PageMaker, el cual incluye versiones de Lorem Ipsum.<\/p><\/div>\n\t\t\t\t\t<\/div>\n\t\t\t\t\t\t<\/div>\n\t\t\t\t<\/div>\n\t\t\t\t\t<\/div>\n\t\t<\/div>\n\t\t\t\t\t<\/div>\n\t\t<\/section>\n\t\t\t\t<\/div>\n\t\t","protected":false},"excerpt":{"rendered":"<p>AZ Referral Network Realtor Members AZ Referral Network Realtor Members Lorem Ipsum\u00a0es simplemente el texto de relleno de las imprentas<\/p>\n","protected":false},"author":1,"featured_media":0,"parent":0,"menu_order":0,"comment_status":"closed","ping_status":"closed","template":"","meta":{"footnotes":"","_links_to":"","_links_to_target":""},"class_list":["post-10239","page","type-page","status-publish","hentry"],"_links":{"self":[{"href":"https:\/\/testv69.demowebsitelinks.com\/AZ-Referral-Network\/wp-json\/wp\/v2\/pages\/10239","targetHints":{"allow":["GET"]}}],"collection":[{"href":"https:\/\/testv69.demowebsitelinks.com\/AZ-Referral-Network\/wp-json\/wp\/v2\/pages"}],"about":[{"href":"https:\/\/testv69.demowebsitelinks.com\/AZ-Referral-Network\/wp-json\/wp\/v2\/types\/page"}],"author":[{"embeddable":true,"href":"https:\/\/testv69.demowebsitelinks.com\/AZ-Referral-Network\/wp-json\/wp\/v2\/users\/1"}],"replies":[{"embeddable":true,"href":"https:\/\/testv69.demowebsitelinks.com\/AZ-Referral-Network\/wp-json\/wp\/v2\/comments?post=10239"}],"version-history":[{"count":17,"href":"https:\/\/testv69.demowebsitelinks.com\/AZ-Referral-Network\/wp-json\/wp\/v2\/pages\/10239\/revisions"}],"predecessor-version":[{"id":10477,"href":"https:\/\/testv69.demowebsitelinks.com\/AZ-Referral-Network\/wp-json\/wp\/v2\/pages\/10239\/revisions\/10477"}],"wp:attachment":[{"href":"https:\/\/testv69.demowebsitelinks.com\/AZ-Referral-Network\/wp-json\/wp\/v2\/media?parent=10239"}],"curies":[{"name":"wp","href":"https:\/\/api.w.org\/{rel}","templated":true}]}}